{"id":5112,"date":"2024-01-16T13:42:51","date_gmt":"2024-01-16T10:42:51","guid":{"rendered":"https:\/\/eziil.com\/privacy-policy\/"},"modified":"2025-06-09T20:54:52","modified_gmt":"2025-06-09T17:54:52","slug":"privacy-policy","status":"publish","type":"page","link":"https:\/\/eziil.com\/et\/privacy-policy\/","title":{"rendered":"Privaatsuspoliitika"},"content":{"rendered":"\t\t<div data-elementor-type=\"wp-page\" data-elementor-id=\"5112\" class=\"elementor elementor-5112 elementor-3\" data-elementor-post-type=\"page\">\n\t\t\t\t<div class=\"elementor-element elementor-element-3ef03444 e-flex e-con-boxed e-con e-parent\" data-id=\"3ef03444\" data-element_type=\"container\" data-e-type=\"container\">\n\t\t\t\t\t<div class=\"e-con-inner\">\n\t\t\t\t<div class=\"elementor-element elementor-element-d820971 elementor-widget elementor-widget-heading\" data-id=\"d820971\" data-element_type=\"widget\" data-e-type=\"widget\" data-widget_type=\"heading.default\">\n\t\t\t\t<div class=\"elementor-widget-container\">\n\t\t\t\t\t<h2 class=\"elementor-heading-title elementor-size-default\">Privaatsuspoliitika<\/h2>\t\t\t\t<\/div>\n\t\t\t\t<\/div>\n\t\t\t\t<div class=\"elementor-element elementor-element-776d0bc8 elementor-widget elementor-widget-text-editor\" data-id=\"776d0bc8\" data-element_type=\"widget\" data-e-type=\"widget\" data-widget_type=\"text-editor.default\">\n\t\t\t\t<div class=\"elementor-widget-container\">\n\t\t\t\t\t\t\t\t\t<p>Viimati uuendatud: 23. mai 2024<\/p><p>K\u00e4esolev privaatsuspoliitika kirjeldab meie poliitikaid ja protseduure teie teabe kogumisel, kasutamisel ja avalikustamisel, kui kasutate teenust, ning annab teavet teie privaatsus\u00f5iguste ja seadusega tagatud kaitse kohta.<\/p><p>Kasutame teie isikuandmeid teenuse pakkumiseks ja parendamiseks. Teenuse kasutamisega n\u00f5ustute teabe kogumise ja kasutamisega vastavalt k\u00e4esolevale privaatsuspoliitikale.<\/p><h2>T\u00f5lgendamine ja m\u00f5isted<\/h2><h3>T\u00f5lgendamine<\/h3><p>Suurt\u00e4hega algavad s\u00f5nad on m\u00e4\u00e4ratletud j\u00e4rgnevate tingimuste alusel. J\u00e4rgnevad m\u00e4\u00e4ratlused kehtivad olenemata sellest, kas neid kasutatakse ainsuses v\u00f5i mitmuses.<\/p><h3>M\u00f5isted<\/h3><p>K\u00e4esoleva privaatsuspoliitika eesm\u00e4rgil:<\/p><ul><li><strong>Konto<\/strong> t\u00e4hendab ainulaadset kontot, mis on loodud Teie jaoks meie Teenusele v\u00f5i selle osadele juurdep\u00e4\u00e4suks.<\/li><li><strong>Ettev\u00f5te<\/strong> (viidatud kui &#8220;ettev\u00f5te&#8221;, &#8220;meie&#8221;, &#8220;meid&#8221; v\u00f5i &#8220;meie&#8221; selles lepingus) viitab Eziil Production Intelligence O\u00dc-le, C.R.Jakobsoni 11, 71020 Viljandi.<\/li><li><strong>K\u00fcpsised<\/strong> on v\u00e4ikesed failid, mis paigutatakse teie arvutisse, mobiilseadmesse v\u00f5i m\u00f5nda muusse seadmesse veebilehe poolt, sisaldades teie sirvimisajaloo \u00fcksikasju sellel veebisaidil nende paljude kasutusviiside hulgas.<\/li><li><strong>Riik<\/strong> viitab: Eesti<\/li><li><strong>Seade<\/strong> t\u00e4hendab igasugust seadet, mis v\u00f5ib p\u00e4\u00e4seda Teenusele juurde, nagu arvuti, mobiiltelefon v\u00f5i digitaalne tahvelarvuti.<\/li><li><strong>Isikuandmed<\/strong> on igasugune teave, mis on seotud tuvastatud v\u00f5i tuvastatava isikuga.<\/li><li><strong>Teenus<\/strong> viitab Veebisaidile.<\/li><li><strong>Teenusepakkuja<\/strong> t\u00e4hendab iga f\u00fc\u00fcsilist v\u00f5i juriidilist isikut, kes t\u00f6\u00f6tleb andmeid Ettev\u00f5tte nimel. See viitab kolmandate osapoolte ettev\u00f5tetele v\u00f5i isikutele, kes on palgatud Teenust h\u00f5lbustama, Teenust Ettev\u00f5tte nimel pakkuma, Teenusega seotud teenuseid osutama v\u00f5i aitama Ettev\u00f5ttel anal\u00fc\u00fcsida, kuidas Teenust kasutatakse.<\/li><li><strong>Kolmanda osapoole<\/strong> <strong>sotsiaalmeedia teenus<\/strong> viitab mis tahes veebisaidile v\u00f5i sotsiaalv\u00f5rgustiku veebisaidile, mille kaudu kasutaja saab sisse logida v\u00f5i luua konto Teenuse kasutamiseks.<\/li><li><strong>Kasutusandmed<\/strong> viitavad automaatselt kogutud andmetele, mis tekivad Teenuse kasutamise v\u00f5i Teenuse taristust endast (n\u00e4iteks lehe k\u00fclastuse kestus).<\/li><li><strong>Veebisait<\/strong> viitab Eziilile, k\u00e4ttesaadav aadressil: <a href=\"https:\/\/eziil.com\/\" target=\"_new\">https:\/\/eziil.com<\/a><\/li><li><strong>Teie<\/strong> t\u00e4hendab isikut, kes p\u00e4\u00e4seb Teenusele juurde v\u00f5i kasutab seda, v\u00f5i ettev\u00f5tet v\u00f5i muud juriidilist isikut, kelle nimel selline isik Teenust kasutab v\u00f5i sellele juurde p\u00e4\u00e4seb, kui see on asjakohane.<\/li><\/ul><h2>Teie isikuandmete kogumine ja kasutamine<\/h2><p><strong>Kogutavate andmete t\u00fc\u00fcbid<\/strong><\/p><p><strong>Isikuandmed<\/strong><\/p><p>Meie teenust kasutades v\u00f5ime paluda teil esitada teatud isiklikult tuvastatavat teavet, mida saab kasutada teiega \u00fchenduse v\u00f5tmiseks v\u00f5i teie tuvastamiseks. Isiklikult tuvastatav teave v\u00f5ib sisaldada, kuid ei piirdu ainult j\u00e4rgmisega:<\/p><ul><li>E-posti aadress<\/li><li>Kasutusandmed<\/li><\/ul><p><strong>Pildid<\/strong><\/p><p>Kui kasutate meie teenust, v\u00f5ite \u00fcles laadida pilte erinevatel eesm\u00e4rkidel. Teie poolt \u00fcleslaaditud pilte k\u00e4sitletakse isikuandmetena ning neid k\u00e4sitletakse konfidentsiaalselt ja turvaliselt. Me kogume ja salvestame neid pilte teenuse osutamiseks ja parendamiseks.<\/p><p style=\"font-size: 18px; font-style: normal; font-weight: 400;\"><span style=\"font-weight: bold;\">Kasutusandmed<\/span><\/p><p style=\"font-size: 18px; font-style: normal; font-weight: 400;\">Kasutusandmeid kogutakse automaatselt teenuse kasutamisel.<\/p><p style=\"font-size: 18px; font-style: normal; font-weight: 400;\">Kasutusandmed v\u00f5ivad sisaldada teavet, nagu teie seadme Interneti-protokolli aadress (nt IP-aadress), brauseri t\u00fc\u00fcp, brauseri versioon, meie teenuse k\u00fclastatavad lehek\u00fcljed, teie k\u00fclastuse aeg ja kuup\u00e4ev, nendel lehek\u00fclgedel veedetud aeg, unikaalsed seadme identifikaatorid ja muud diagnostikaandmed.<\/p><p style=\"font-size: 18px; font-style: normal; font-weight: 400;\">Teenusele juurdep\u00e4\u00e4su korral mobiilseadme kaudu v\u00f5ime automaatselt koguda teatud teavet, sealhulgas, kuid mitte ainult, teie mobiilseadme t\u00fc\u00fcp, teie mobiilseadme unikaalne ID, teie mobiilseadme IP-aadress, teie mobiilne operatsioonis\u00fcsteem, teie poolt kasutatava mobiilse Interneti-brauseri t\u00fc\u00fcp, unikaalsed seadme identifikaatorid ja muud diagnostikaandmed.<\/p><p style=\"font-size: 18px; font-style: normal; font-weight: 400;\">Samuti v\u00f5ime koguda teavet, mida teie brauser saadab iga kord, kui k\u00fclastate meie teenust v\u00f5i kui p\u00e4\u00e4sete teenusele juurde mobiilseadme kaudu.<\/p><p><strong>Teave kolmandate osapoolte sotsiaalmeedia teenustest<\/strong><\/p><p>Ettev\u00f5te v\u00f5imaldab teil luua konto ja logida sisse, kasutades Teenust j\u00e4rgmiste kolmandate osapoolte sotsiaalmeedia teenuste kaudu:<\/p><ul><li>Google<\/li><li>Facebook<\/li><li>Twitter<\/li><\/ul><p>Kui otsustate registreeruda v\u00f5i muidu annate meile juurdep\u00e4\u00e4su kolmanda osapoole sotsiaalmeedia teenusele, v\u00f5ime koguda isikuandmeid, mis on juba seotud teie kolmanda osapoole sotsiaalmeedia teenuse kontoga, nagu teie nimi, teie e-posti aadress, teie tegevused v\u00f5i teie kontaktide nimekiri, mis on seotud selle kontoga.<\/p><p>Teil v\u00f5ib olla ka v\u00f5imalus jagada ettev\u00f5ttega lisateavet oma kolmanda osapoole sotsiaalmeedia teenuse konto kaudu. Kui otsustate sellist teavet ja isikuandmeid pakkuda, registreerimise ajal v\u00f5i muul ajal, annate ettev\u00f5ttele loa kasutada, jagada ja salvestada seda viisil, mis on koosk\u00f5las selle privaatsuspoliitikaga.<\/p><p><strong>\u00dcles laaditud ja salvestatud failid<\/strong><\/p><p>K\u00f5ik \u00fcleslaaditud pildid v\u00f5i andmed on turvalised ja neid koheldakse konfidentsiaalselt, andmeid edastatakse SSL\/TLS-kr\u00fcpteeritud.\u00a0Me k\u00e4sitleme \u00fcleslaaditud pilte isikuandmetena ja kasutame neid rangelt selleks otstarbeks, milleks need \u00fcles laaditi, tagades, et neid ei jagata volitamata kolmandate osapooltega.<\/p><p><strong>J\u00e4lgimistehnoloogiad ja k\u00fcpsised<\/strong><\/p><p>Kasutame k\u00fcpsiseid, et j\u00e4lgida tegevust meie teenusel ja salvestada teatud teavet. J\u00e4lgimistehnoloogiad, mida kasutatakse, on majakad, sildid ja skriptid teabe kogumiseks ja j\u00e4lgimiseks ning meie teenuse parandamiseks ja anal\u00fc\u00fcsimiseks. Tehnoloogiad, mida kasutame, v\u00f5ivad h\u00f5lmata:<\/p><ul><li><strong>K\u00fcpsised v\u00f5i brauseri k\u00fcpsised.<\/strong> K\u00fcpsis on v\u00e4ike fail, mis paigutatakse teie seadmele. Saate oma brauserile anda juhised, et see keelduks k\u00f5ikidest k\u00fcpsistest v\u00f5i n\u00e4itaks, millal k\u00fcpsis saadetakse. Siiski, kui te k\u00fcpsiseid ei aktsepteeri, ei pruugi te saada kasutada meie teenuse osi. Kui te pole oma brauseri seadeid muutnud nii, et see keelduks k\u00fcpsistest, v\u00f5ib meie teenus k\u00fcpsiseid kasutada.<\/li><\/ul><p>K\u00fcpsised v\u00f5ivad olla &#8220;p\u00fcsivad&#8221; v\u00f5i &#8220;seansik\u00fcpsised&#8221;. P\u00fcsivad k\u00fcpsised j\u00e4\u00e4vad teie isiklikule arvutile v\u00f5i mobiilseadmele, kui l\u00e4hete v\u00f5rgu\u00fchenduseta, samas kui seansik\u00fcpsised kustutatakse kohe, kui sulgete oma veebibrauseri. K\u00fcpsiste kohta saate rohkem teada siit: <a href=\"https:\/\/www.termsfeed.com\/blog\/cookies\/\" data-verified=\"redactor\" target=\"_blank\" rel=\"noopener\">All About Cookies by TermsFeed<\/a>.<\/p><p>Kasutame nii seansi- kui ka p\u00fcsivaid k\u00fcpsiseid allpool toodud eesm\u00e4rkidel:<\/p><ul><li><strong>Vajalikud \/ olulised k\u00fcpsised<\/strong><\/li><\/ul><p>T\u00fc\u00fcp: Seansik\u00fcpsised<\/p><p>Haldab: Meie<\/p><p>Eesm\u00e4rk: Need k\u00fcpsised on olulised, et pakkuda teile teenuseid, mis on k\u00e4ttesaadavad veebisaidi kaudu ja v\u00f5imaldada teil kasutada m\u00f5ningaid selle funktsioone. Need aitavad autentida kasutajaid ja ennetada kasutajakontode petturlikku kasutamist. Ilma nende k\u00fcpsisteta ei saa teie poolt k\u00fcsitud teenuseid pakkuda, ja me kasutame neid k\u00fcpsiseid ainult nende teenuste pakkumiseks.<\/p><ul><li><strong>K\u00fcpsiste poliitika \/ Teavituse n\u00f5ustumise k\u00fcpsised<\/strong><\/li><\/ul><p>T\u00fc\u00fcp: P\u00fcsivad k\u00fcpsised<\/p><p>Haldab: Meie<\/p><p>Eesm\u00e4rk: Need k\u00fcpsised tuvastavad, kas kasutajad on n\u00f5ustunud veebisaidil k\u00fcpsiste kasutamisega.<\/p><ul><li><strong>Funktsionaalsuse k\u00fcpsised<\/strong><\/li><\/ul><p>T\u00fc\u00fcp: P\u00fcsivad k\u00fcpsised<\/p><p>Haldab: Meie<\/p><p>Eesm\u00e4rk: Need k\u00fcpsised v\u00f5imaldavad meil meeles pidada valikuid, mida teete veebisaidi kasutamisel, n\u00e4iteks meelde j\u00e4tta teie sisselogimisandmed v\u00f5i keele-eelistus. Nende k\u00fcpsiste eesm\u00e4rk on pakkuda teile isikup\u00e4rasemat kogemust ja v\u00e4ltida vajadust iga kord, kui veebisaiti kasutate, oma eelistusi uuesti sisestada.<\/p><p>Lisateabe saamiseks meie poolt kasutatavate k\u00fcpsiste ja teie valikute kohta k\u00fcpsiste osas k\u00fclastage palun meie k\u00fcpsiste poliitikat v\u00f5i meie privaatsuspoliitika k\u00fcpsiste jaotist.<\/p><p><strong>Teie isikuandmete kasutamine<\/strong><\/p><p><span style=\"text-decoration: underline;\">Ettev\u00f5te v\u00f5ib kasutada isikuandmeid j\u00e4rgmistel eesm\u00e4rkidel:<\/span><\/p><ul><li><strong>Teenuse pakkumiseks ja hoolduseks<\/strong>, sealhulgas teenuse kasutamise j\u00e4lgimiseks.<\/li><li><strong>Teie konto haldamiseks:<\/strong> Teie registreerimise haldamiseks teenuse kasutajana. Teie poolt esitatud isikuandmed v\u00f5ivad anda Teile juurdep\u00e4\u00e4su teenuse erinevatele funktsionaalsustele, mis on Teile kui registreeritud kasutajale k\u00e4ttesaadavad.<\/li><li><strong>Lepingu t\u00e4itmiseks:<\/strong> toodete, esemete v\u00f5i teenuste ostulepingu arendamiseks, t\u00e4itmiseks ja s\u00f5lmimiseks, mida olete ostnud, v\u00f5i mis tahes muu lepingu s\u00f5lmimiseks Meiega teenuse kaudu.<\/li><li><strong>Teiega \u00fchenduse v\u00f5tmiseks:<\/strong> Teiega \u00fchenduse v\u00f5tmiseks e-posti teel, telefonik\u00f5nede, SMS-i v\u00f5i muude elektroonilise suhtluse ekvivalentsete vormide kaudu, n\u00e4iteks mobiilirakenduse t\u00f5ukem\u00e4rguannete kaudu seoses v\u00e4rskendustega v\u00f5i teabekommunikatsioonidega, mis on seotud funktsionaalsuste, toodete v\u00f5i lepinguliste teenustega, sealhulgas turvav\u00e4rskendustega, kui see on vajalik v\u00f5i m\u00f5istlik nende rakendamiseks.<\/li><li><strong>Teile uudiste, eripakkumiste ja \u00fcldise teabe pakkumiseks<\/strong> teiste kaupade, teenuste ja s\u00fcndmuste kohta, mida me pakume ja mis on sarnased nendega, mida olete juba ostnud v\u00f5i p\u00e4ringu esitanud, v\u00e4lja arvatud juhul, kui olete otsustanud sellist teavet mitte saada.<\/li><li><strong>Teie p\u00e4ringute haldamiseks:<\/strong> Teie p\u00e4ringutele Meile vastamiseks ja nende haldamiseks.<\/li><li><strong>\u00c4ritehinguteks:<\/strong> Me v\u00f5ime kasutada Teie teavet \u00e4ri\u00fchenduste, m\u00fc\u00fcgi, \u00fcmberkorraldamise, reorganiseerimise, likvideerimise v\u00f5i sarnaste protsesside hindamiseks v\u00f5i l\u00e4biviimiseks, mille k\u00e4igus v\u00f5idakse osa v\u00f5i k\u00f5ik Meie varadest m\u00fc\u00fca v\u00f5i \u00fcle kanda, sealhulgas pankroti, likvideerimise v\u00f5i sarnase menetluse osana, kus Meie teenuse kasutajate isikuandmed on \u00fcle kantud varade hulgas.<\/li><li><strong>Muudel eesm\u00e4rkidel:<\/strong> Me v\u00f5ime kasutada Teie teavet muudel eesm\u00e4rkidel, nagu andmeanal\u00fc\u00fcs, kasutustrendide tuvastamine, meie reklaamikampaaniate efektiivsuse kindlaksm\u00e4\u00e4ramine ning meie teenuse, toodete, teenuste, turunduse ja Teie kogemuse hindamine ja t\u00e4iustamine.<\/li><\/ul><p><span style=\"text-decoration: underline;\">Teie isikuandmete jagamine j\u00e4rgmistes olukordades:<\/span><\/p><ul><li><strong>Teenusepakkujatega:<\/strong> Me v\u00f5ime jagada Teie isikuandmeid teenusepakkujatega, et j\u00e4lgida ja anal\u00fc\u00fcsida meie teenuse kasutamist, v\u00f5tta Teiega \u00fchendust.<\/li><li><strong>\u00c4ritehingute puhul:<\/strong> Me v\u00f5ime jagada v\u00f5i \u00fcle kanda Teie isikuandmeid seoses mis tahes \u00fchinemise, ettev\u00f5tte varade m\u00fc\u00fcgi, rahastamise v\u00f5i kogu meie \u00e4ri v\u00f5i selle osa omandamisega teise ettev\u00f5tte poolt toimuvate l\u00e4bir\u00e4\u00e4kimiste ajal.<\/li><li><strong>Sidusettev\u00f5tetega:<\/strong> Me v\u00f5ime jagada Teie teavet meie sidusettev\u00f5tetega, sel juhul n\u00f5uame, et need sidusettev\u00f5tted j\u00e4rgiksid seda privaatsuspoliitikat. Sidusettev\u00f5tted h\u00f5lmavad meie emaettev\u00f5tet ja k\u00f5iki muid t\u00fctarettev\u00f5tteid, \u00fchisettev\u00f5tte partnereid v\u00f5i muid ettev\u00f5tteid, mida me kontrollime v\u00f5i mis on meiega \u00fchises kontrollis.<\/li><li><strong>\u00c4ripartneritega:<\/strong> Me v\u00f5ime jagada Teie teavet meie \u00e4ripartneritega, et pakkuda Teile teatud tooteid, teenuseid v\u00f5i soodustusi.<\/li><li><strong>Teiste kasutajatega:<\/strong> kui jagate isikuandmeid v\u00f5i suhtlete muul viisil avalikes kohtades teiste kasutajatega, v\u00f5ivad sellised teabeid n\u00e4ha k\u00f5ik kasutajad ja need v\u00f5ivad v\u00e4ljaspool avalikult levitada. Kui suhtlete teiste kasutajatega v\u00f5i registreerute kolmanda osapoole sotsiaalmeedia teenuse kaudu, v\u00f5ivad Teie kolmanda osapoole sotsiaalmeedia teenuse kontaktid n\u00e4ha Teie nime, profiili, pilte ja Teie tegevuse kirjeldust. Samamoodi saavad teised kasutajad n\u00e4ha Teie tegevuse kirjeldusi, suhelda Teiega ja vaadata Teie profiili.<\/li><li><strong>Teie n\u00f5usolekul:<\/strong> Me v\u00f5ime avaldada Teie isikuandmeid mis tahes muul eesm\u00e4rgil Teie n\u00f5usolekul.<\/li><\/ul><p><strong>Teie isikuandmete s\u00e4ilitamine<\/strong><\/p><p>Ettev\u00f5te s\u00e4ilitab Teie isikuandmeid ainult nii kaua, kui see on vajalik k\u00e4esolevas privaatsuspoliitikas m\u00e4\u00e4ratletud eesm\u00e4rkidel. Me s\u00e4ilitame ja kasutame Teie isikuandmeid ulatuses, mis on vajalik meie \u00f5iguslike kohustuste t\u00e4itmiseks (n\u00e4iteks kui seadus n\u00f5uab Teie andmete s\u00e4ilitamist), vaidluste lahendamiseks ja meie \u00f5iguslike lepingute ning poliitikate j\u00f5ustamiseks.<\/p><p>Ettev\u00f5te s\u00e4ilitab ka kasutusandmeid sisemise anal\u00fc\u00fcsi eesm\u00e4rgil. Kasutusandmeid s\u00e4ilitatakse \u00fcldiselt l\u00fchema aja jooksul, v\u00e4lja arvatud juhul, kui neid andmeid kasutatakse turvalisuse tugevdamiseks v\u00f5i meie teenuse funktsionaalsuse parandamiseks, v\u00f5i kui meil on seaduslik kohustus neid andmeid pikemate perioodide v\u00e4ltel s\u00e4ilitada.<\/p><p><strong>Teie isikuandmete \u00fclekanne<\/strong><\/p><p>Teie teave, sealhulgas isikuandmed, t\u00f6\u00f6deldakse ettev\u00f5tte tegevuskontorites ja muudes kohtades, kus t\u00f6\u00f6tlemisega seotud osapooled asuvad. See t\u00e4hendab, et Teie teave v\u00f5ib olla \u00fcle kantud \u2014 ja hoitud \u2014 arvutites v\u00e4ljaspool Teie riiki, provintsi, riiki v\u00f5i muud valitsusjurisdiktsiooni, kus andmekaitse seadused v\u00f5ivad erineda Teie jurisdiktsiooni omadest.<\/p><p>Teie n\u00f5usolek sellele privaatsuspoliitikale j\u00e4rgneb Teie sellise teabe esitamisele, mis t\u00e4hendab Teie n\u00f5usolekut sellisele \u00fclekandele.<\/p><p>Ettev\u00f5te v\u00f5tab k\u00f5ik m\u00f5istlikult vajalikud sammud, et tagada Teie andmete turvaline ja selle privaatsuspoliitika kohane t\u00f6\u00f6tlemine ning Teie isikuandmete \u00fclekanne toimub organisatsioonile v\u00f5i riigile ainult juhul, kui on olemas piisavad kontrollimeetmed, sealhulgas Teie andmete ja muu isikliku teabe turvalisus.<\/p><p><strong>Teie isikuandmete avalikustamine<\/strong><\/p><p><strong>\u00c4ritehingud<\/strong><\/p><p>Kui ettev\u00f5te on seotud \u00fchinemise, omandamise v\u00f5i varade m\u00fc\u00fcgiga, v\u00f5idakse Teie isikuandmed \u00fcle kanda. Teavitame Teid enne Teie isikuandmete \u00fclekandmist ja enne kui need muutuvad alluvaks erinevale privaatsuspoliitikale.<\/p><p><strong>\u00d5iguskaitse<\/strong><\/p><p>Teatud asjaoludel v\u00f5ib ettev\u00f5tet n\u00f5uda Teie isikuandmete avalikustamist, kui seda n\u00f5utakse seadusega v\u00f5i vastuseks avaliku v\u00f5imu asutuste (nt kohus v\u00f5i valitsusasutus) kehtivatele taotlustele.<\/p><p><strong>Muud \u00f5iguslikud n\u00f5uded<\/strong><\/p><p>Ettev\u00f5te v\u00f5ib avaldada Teie isikuandmeid heas usus, et selline tegevus on vajalik:<\/p><ul><li>\u00d5igusliku kohustuse t\u00e4itmiseks<\/li><li>Ettev\u00f5tte \u00f5iguste v\u00f5i vara kaitsmiseks ja kaitsmiseks<\/li><li>V\u00f5imaliku v\u00e4\u00e4rk\u00e4itumise ennetamiseks v\u00f5i uurimiseks teenusega seoses<\/li><li>Teenuse kasutajate v\u00f5i avalikkuse isikliku ohutuse kaitsmiseks<\/li><li>\u00d5igusliku vastutuse vastu kaitsmiseks<\/li><\/ul><p><strong>Teie isikuandmete turvalisus<\/strong><\/p><p>Teie isikuandmete turvalisus on meile oluline, kuid pidage meeles, et \u00fckski Interneti kaudu toimuva edastamise meetod ega elektrooniline salvestusmeetod ei ole 100% turvaline. Kuigi me p\u00fc\u00fcame kasutada kaubanduslikult vastuv\u00f5etavaid vahendeid Teie isikuandmete kaitsmiseks, ei saa me tagada nende absoluutset turvalisust.<\/p><p><strong>Laste privaatsus<\/strong><\/p><p>Meie teenus ei k\u00e4sitle alla 13-aastaseid isikuid. Me ei kogu teadlikult isiklikult tuvastatavat teavet alla 13-aastastelt isikutelt. Kui olete vanem v\u00f5i eestkostja ja teate, et Teie laps on andnud meile isikuandmeid, v\u00f5tke meiega \u00fchendust. Kui saame teada, et oleme kogunud isikuandmeid alla 13-aastaselt ilma vanemate n\u00f5usoleku kinnitamiseta, astume samme selle teabe meie serveritest k\u00f5rvaldamiseks.<\/p><p>Kui me peame Teie teabe t\u00f6\u00f6tlemiseks toetuma n\u00f5usolekule kui \u00f5iguslikule alusele ja Teie riik n\u00f5uab vanema n\u00f5usolekut, v\u00f5ime enne selle teabe kogumist ja kasutamist n\u00f5uda Teie vanema n\u00f5usolekut.<\/p><p><strong>Lingid teistele veebisaitidele<\/strong><\/p><p>Meie teenus v\u00f5ib sisaldada linke teistele veebisaitidele, mida me ei opereeri. Kui kl\u00f5psate kolmanda osapoole lingil, suunatakse Teid selle kolmanda osapoole saidile. Soovitame tungivalt teil vaadata l\u00e4bi iga k\u00fclastatud saidi privaatsuspoliitika.<\/p><p>Meil ei ole kontrolli ega v\u00f5ta endale vastutust \u00fchegi kolmanda osapoole saitide v\u00f5i teenuste sisu, privaatsuspoliitikate v\u00f5i tavadega.<\/p><p><strong>Selle privaatsuspoliitika muudatused<\/strong><\/p><p>Me v\u00f5ime aeg-ajalt uuendada oma privaatsuspoliitikat. Teavitame Teid muudatustest, postitades uue privaatsuspoliitika sellele lehele.<\/p><p>Teavitame Teid muudatustest e-posti teel ja\/v\u00f5i silmatorkava teate kaudu meie teenusel enne muudatuse j\u00f5ustumist ning uuendame selle privaatsuspoliitika &#8220;Viimati uuendatud&#8221; kuup\u00e4eva.<\/p><p>Soovitame teil aeg-ajalt seda privaatsuspoliitikat muudatuste suhtes \u00fcle vaadata. Muudatused selle privaatsuspoliitikas j\u00f5ustuvad, kui need on sellel lehel postitatud.<\/p><p><strong>V\u00f5ta meiega \u00fchendust<\/strong><\/p><p>Kui teil on k\u00fcsimusi selle privaatsuspoliitika kohta, v\u00f5ite meiega \u00fchendust v\u00f5tta:<\/p><ul><li>E-posti teel: <a target=\"_new\">info@eziil.com<\/a><\/li><li>K\u00fclastades seda lehte meie veebisaidil: <a href=\"https:\/\/www.eziil.com\/\" target=\"_new\">https:\/\/www.eziil.com\/<\/a><\/li><\/ul>\t\t\t\t\t\t\t\t<\/div>\n\t\t\t\t<\/div>\n\t\t\t\t\t<\/div>\n\t\t\t\t<\/div>\n\t\t\t\t<\/div>\n\t\t","protected":false},"excerpt":{"rendered":"<p>Privaatsuspoliitika Viimati uuendatud: 23. mai 2024 K\u00e4esolev privaatsuspoliitika kirjeldab meie poliitikaid ja protseduure teie teabe kogumisel, kasutamisel ja avalikustamisel, kui [&hellip;]<\/p>\n","protected":false},"author":1,"featured_media":0,"parent":0,"menu_order":0,"comment_status":"closed","ping_status":"closed","template":"","meta":{"_acf_changed":false,"content-type":"","_monsterinsights_skip_tracking":false,"_monsterinsights_sitenote_active":false,"_monsterinsights_sitenote_note":"","_monsterinsights_sitenote_category":0,"site-sidebar-layout":"default","site-content-layout":"","ast-site-content-layout":"","site-content-style":"default","site-sidebar-style":"default","ast-global-header-display":"","ast-banner-title-visibility":"","ast-main-header-display":"","ast-hfb-above-header-display":"","ast-hfb-below-header-display":"","ast-hfb-mobile-header-display":"","site-post-title":"","ast-breadcrumbs-content":"","ast-featured-img":"","footer-sml-layout":"","theme-transparent-header-meta":"","adv-header-id-meta":"","stick-header-meta":"","header-above-stick-meta":"","header-main-stick-meta":"","header-below-stick-meta":"","astra-migrate-meta-layouts":"default","ast-page-background-enabled":"default","ast-page-background-meta":{"desktop":{"background-color":"var(--ast-global-color-4)","background-image":"","background-repeat":"repeat","background-position":"center center","background-size":"auto","background-attachment":"scroll","background-type":"","background-media":"","overlay-type":"","overlay-color":"","overlay-opacity":"","overlay-gradient":""},"tablet":{"background-color":"","background-image":"","background-repeat":"repeat","background-position":"center center","background-size":"auto","background-attachment":"scroll","background-type":"","background-media":"","overlay-type":"","overlay-color":"","overlay-opacity":"","overlay-gradient":""},"mobile":{"background-color":"","background-image":"","background-repeat":"repeat","background-position":"center center","background-size":"auto","background-attachment":"scroll","background-type":"","background-media":"","overlay-type":"","overlay-color":"","overlay-opacity":"","overlay-gradient":""}},"ast-content-background-meta":{"desktop":{"background-color":"var(--ast-global-color-5)","background-image":"","background-repeat":"repeat","background-position":"center center","background-size":"auto","background-attachment":"scroll","background-type":"","background-media":"","overlay-type":"","overlay-color":"","overlay-opacity":"","overlay-gradient":""},"tablet":{"background-color":"var(--ast-global-color-5)","background-image":"","background-repeat":"repeat","background-position":"center center","background-size":"auto","background-attachment":"scroll","background-type":"","background-media":"","overlay-type":"","overlay-color":"","overlay-opacity":"","overlay-gradient":""},"mobile":{"background-color":"var(--ast-global-color-5)","background-image":"","background-repeat":"repeat","background-position":"center center","background-size":"auto","background-attachment":"scroll","background-type":"","background-media":"","overlay-type":"","overlay-color":"","overlay-opacity":"","overlay-gradient":""}},"footnotes":""},"class_list":["post-5112","page","type-page","status-publish","hentry"],"acf":[],"_links":{"self":[{"href":"https:\/\/eziil.com\/et\/wp-json\/wp\/v2\/pages\/5112","targetHints":{"allow":["GET"]}}],"collection":[{"href":"https:\/\/eziil.com\/et\/wp-json\/wp\/v2\/pages"}],"about":[{"href":"https:\/\/eziil.com\/et\/wp-json\/wp\/v2\/types\/page"}],"author":[{"embeddable":true,"href":"https:\/\/eziil.com\/et\/wp-json\/wp\/v2\/users\/1"}],"replies":[{"embeddable":true,"href":"https:\/\/eziil.com\/et\/wp-json\/wp\/v2\/comments?post=5112"}],"version-history":[{"count":10,"href":"https:\/\/eziil.com\/et\/wp-json\/wp\/v2\/pages\/5112\/revisions"}],"predecessor-version":[{"id":8694,"href":"https:\/\/eziil.com\/et\/wp-json\/wp\/v2\/pages\/5112\/revisions\/8694"}],"wp:attachment":[{"href":"https:\/\/eziil.com\/et\/wp-json\/wp\/v2\/media?parent=5112"}],"curies":[{"name":"wp","href":"https:\/\/api.w.org\/{rel}","templated":true}]}}